{"id":186,"date":"2017-01-02T12:07:27","date_gmt":"2017-01-02T12:07:27","guid":{"rendered":"https:\/\/raratheme.com\/preview\/lawyer-landing-page\/?page_id=186"},"modified":"2020-02-17T16:03:21","modified_gmt":"2020-02-17T16:03:21","slug":"what-people-are-saying","status":"publish","type":"page","link":"https:\/\/veredas.xoc.uam.mx\/index.php\/what-people-are-saying\/","title":{"rendered":""},"content":{"rendered":"\n<div class=\"wp-block-columns is-layout-flex wp-container-core-columns-is-layout-28f84493 wp-block-columns-is-layout-flex\">\n<div class=\"wp-block-column is-layout-flow wp-block-column-is-layout-flow\">\n<h2 class=\"actualidad wp-block-heading\">Actualidad<\/h2>\n\n\n\n<figure class=\"wp-block-image size-full\"><img fetchpriority=\"high\" decoding=\"async\" width=\"2560\" height=\"1637\" src=\"https:\/\/veredas.xoc.uam.mx\/archivos\/2020\/02\/24763-scaled.jpg\" alt=\"\" class=\"wp-image-832\" srcset=\"https:\/\/veredas.xoc.uam.mx\/archivos\/2020\/02\/24763-scaled.jpg 2560w, https:\/\/veredas.xoc.uam.mx\/archivos\/2020\/02\/24763-300x192.jpg 300w, https:\/\/veredas.xoc.uam.mx\/archivos\/2020\/02\/24763-1024x655.jpg 1024w, https:\/\/veredas.xoc.uam.mx\/archivos\/2020\/02\/24763-768x491.jpg 768w, https:\/\/veredas.xoc.uam.mx\/archivos\/2020\/02\/24763-1536x982.jpg 1536w, https:\/\/veredas.xoc.uam.mx\/archivos\/2020\/02\/24763-2048x1310.jpg 2048w\" sizes=\"(max-width: 2560px) 100vw, 2560px\" \/><\/figure>\n\n\n\n<h3 class=\"wp-block-heading\"><a href=\"https:\/\/veredas.xoc.uam.mx\/index.php\/2020\/02\/07\/repensar-las-identidades-el-reto-que-propone-kwame-anthony-appiah\/\">Repensar las identidades <\/a><\/h3>\n\n\n\n<p class=\"actualidad2\">El libro <em>Las mentiras que nos unen<\/em> invita a m\u00e1s de una reflexi\u00f3n sobre qui\u00e9nes somos, una cuesti\u00f3n central y muy viva en el mundo global.  <\/p>\n<\/div>\n\n\n\n<div class=\"wp-block-column is-layout-flow wp-block-column-is-layout-flow\">\n<h2 class=\"cronicas wp-block-heading\">Cr\u00f3nicas acad\u00e9micas<\/h2>\n\n\n\n<figure class=\"wp-block-image size-full\"><img decoding=\"async\" width=\"1920\" height=\"1280\" src=\"https:\/\/veredas.xoc.uam.mx\/archivos\/2020\/02\/the-traffic-light-2157162_1920.jpg\" alt=\"\" class=\"wp-image-986\" srcset=\"https:\/\/veredas.xoc.uam.mx\/archivos\/2020\/02\/the-traffic-light-2157162_1920.jpg 1920w, https:\/\/veredas.xoc.uam.mx\/archivos\/2020\/02\/the-traffic-light-2157162_1920-300x200.jpg 300w, https:\/\/veredas.xoc.uam.mx\/archivos\/2020\/02\/the-traffic-light-2157162_1920-1024x683.jpg 1024w, https:\/\/veredas.xoc.uam.mx\/archivos\/2020\/02\/the-traffic-light-2157162_1920-768x512.jpg 768w, https:\/\/veredas.xoc.uam.mx\/archivos\/2020\/02\/the-traffic-light-2157162_1920-1536x1024.jpg 1536w\" sizes=\"(max-width: 1920px) 100vw, 1920px\" \/><\/figure>\n\n\n\n<h3 class=\"wp-block-heading\"><a href=\"https:\/\/veredas.xoc.uam.mx\/index.php\/2020\/02\/11\/cronicar\/\">Paisajes multiversos<\/a><\/h3>\n\n\n\n<p class=\"cronicas2\">Reflexiones en torno a la construcci\u00f3n del espacio social. Aqu\u00ed, las coordenadas temporales y espaciales son una premisa de los estudios cl\u00e1sicos de sociolog\u00eda.<\/p>\n<\/div>\n\n\n\n<div class=\"wp-block-column is-layout-flow wp-block-column-is-layout-flow\">\n<h2 class=\"debates wp-block-heading\">Debates y actualizaci\u00f3n<\/h2>\n\n\n\n<figure class=\"wp-block-image size-full\"><img decoding=\"async\" width=\"512\" height=\"340\" src=\"https:\/\/veredas.xoc.uam.mx\/archivos\/2020\/02\/unnamed.jpg\" alt=\"\" class=\"wp-image-990\" srcset=\"https:\/\/veredas.xoc.uam.mx\/archivos\/2020\/02\/unnamed.jpg 512w, https:\/\/veredas.xoc.uam.mx\/archivos\/2020\/02\/unnamed-300x199.jpg 300w\" sizes=\"(max-width: 512px) 100vw, 512px\" \/><\/figure>\n\n\n\n<h3 class=\"wp-block-heading\"><a href=\"https:\/\/veredas.xoc.uam.mx\/index.php\/2020\/02\/06\/por-que-bauman-su-legado\/\">Por qu\u00e9 Bauman: su legado<\/a><\/h3>\n\n\n\n<p class=\"debates2\">Un sinn\u00famero de personas utilizan frases del profesor polaco sin conocer la relevancia de su pensamiento en la filosof\u00eda y la sociolog\u00eda.<\/p>\n<\/div>\n<\/div>\n\n\n\n<p><\/p>\n","protected":false},"excerpt":{"rendered":"<p>Actualidad Repensar las identidades El libro Las mentiras que nos unen invita a m\u00e1s de una reflexi\u00f3n sobre qui\u00e9nes somos, una cuesti\u00f3n central y muy viva en el mundo global. Cr\u00f3nicas acad\u00e9micas Paisajes multiversos Reflexiones en torno a la construcci\u00f3n del espacio social. Aqu\u00ed, las coordenadas temporales y espaciales son una premisa de los estudios [&hellip;]<\/p>\n","protected":false},"author":1,"featured_media":0,"parent":0,"menu_order":0,"comment_status":"closed","ping_status":"closed","template":"","meta":{"footnotes":""},"class_list":["post-186","page","type-page","status-publish","hentry"],"_links":{"self":[{"href":"https:\/\/veredas.xoc.uam.mx\/index.php\/wp-json\/wp\/v2\/pages\/186","targetHints":{"allow":["GET"]}}],"collection":[{"href":"https:\/\/veredas.xoc.uam.mx\/index.php\/wp-json\/wp\/v2\/pages"}],"about":[{"href":"https:\/\/veredas.xoc.uam.mx\/index.php\/wp-json\/wp\/v2\/types\/page"}],"author":[{"embeddable":true,"href":"https:\/\/veredas.xoc.uam.mx\/index.php\/wp-json\/wp\/v2\/users\/1"}],"replies":[{"embeddable":true,"href":"https:\/\/veredas.xoc.uam.mx\/index.php\/wp-json\/wp\/v2\/comments?post=186"}],"version-history":[{"count":22,"href":"https:\/\/veredas.xoc.uam.mx\/index.php\/wp-json\/wp\/v2\/pages\/186\/revisions"}],"predecessor-version":[{"id":1192,"href":"https:\/\/veredas.xoc.uam.mx\/index.php\/wp-json\/wp\/v2\/pages\/186\/revisions\/1192"}],"wp:attachment":[{"href":"https:\/\/veredas.xoc.uam.mx\/index.php\/wp-json\/wp\/v2\/media?parent=186"}],"curies":[{"name":"wp","href":"https:\/\/api.w.org\/{rel}","templated":true}]}}