{"id":2027,"date":"2020-12-09T18:55:17","date_gmt":"2020-12-09T18:55:17","guid":{"rendered":"https:\/\/veredas.xoc.uam.mx\/?page_id=2027"},"modified":"2021-10-02T15:33:59","modified_gmt":"2021-10-02T15:33:59","slug":"actualidad","status":"publish","type":"page","link":"https:\/\/veredas.xoc.uam.mx\/index.php\/actualidad\/","title":{"rendered":"Actualidad"},"content":{"rendered":"\t\t<div data-elementor-type=\"wp-page\" data-elementor-id=\"2027\" class=\"elementor elementor-2027\">\n\t\t\t\t\t\t<section class=\"elementor-section elementor-top-section elementor-element elementor-element-7b78ab9 elementor-section-boxed elementor-section-height-default elementor-section-height-default\" data-id=\"7b78ab9\" data-element_type=\"section\" data-settings=\"{&quot;background_background&quot;:&quot;classic&quot;}\">\n\t\t\t\t\t\t<div class=\"elementor-container elementor-column-gap-default\">\n\t\t\t\t\t<div class=\"elementor-column elementor-col-100 elementor-top-column elementor-element elementor-element-aae706f\" data-id=\"aae706f\" data-element_type=\"column\">\n\t\t\t<div class=\"elementor-widget-wrap elementor-element-populated\">\n\t\t\t\t\t\t<div class=\"elementor-element elementor-element-4a69d73 elementor-widget elementor-widget-heading\" data-id=\"4a69d73\" data-element_type=\"widget\" data-widget_type=\"heading.default\">\n\t\t\t\t<div class=\"elementor-widget-container\">\n\t\t\t\t\t<h2 class=\"elementor-heading-title elementor-size-large\">Actualidad<\/h2>\t\t\t\t<\/div>\n\t\t\t\t<\/div>\n\t\t\t\t\t<\/div>\n\t\t<\/div>\n\t\t\t\t\t<\/div>\n\t\t<\/section>\n\t\t\t\t<section class=\"elementor-section elementor-top-section elementor-element elementor-element-a828d3b elementor-section-boxed elementor-section-height-default elementor-section-height-default\" data-id=\"a828d3b\" data-element_type=\"section\">\n\t\t\t\t\t\t<div class=\"elementor-container elementor-column-gap-default\">\n\t\t\t\t\t<div class=\"elementor-column elementor-col-100 elementor-top-column elementor-element elementor-element-d7a2316\" data-id=\"d7a2316\" data-element_type=\"column\">\n\t\t\t<div class=\"elementor-widget-wrap elementor-element-populated\">\n\t\t\t\t\t\t<div class=\"elementor-element elementor-element-c5b5117 elementor-widget elementor-widget-text-editor\" data-id=\"c5b5117\" data-element_type=\"widget\" data-widget_type=\"text-editor.default\">\n\t\t\t\t<div class=\"elementor-widget-container\">\n\t\t\t\t\t\t\t\t\t<style>.wp-show-posts-columns#wpsp-2026 {margin-left: -1em; }.wp-show-posts-columns#wpsp-2026 .wp-show-posts-inner {margin: 0 0 1em 1em; }<\/style><section id=\"wpsp-2026\" class=\" wp-show-posts-columns wp-show-posts\" style=\"\"><article class=\" wp-show-posts-single post-5711 post type-post status-publish format-standard has-post-thumbnail hentry category-actualidad tag-poder tag-poder-judicial tag-reformas wpsp-col-4\" itemtype=\"http:\/\/schema.org\/CreativeWork\" itemscope><div class=\"wp-show-posts-inner\" style=\"\">\t\t\t\t\t\t<header class=\"wp-show-posts-entry-header\">\n\t\t\t\t\t\t\t<h2 class=\"wp-show-posts-entry-title\" itemprop=\"headline\"><a href=\"https:\/\/veredas.xoc.uam.mx\/index.php\/2025\/10\/30\/reforma-del-poder-judicial-el-voto-popular-en-democracia\/\" rel=\"bookmark\">Reforma del Poder Judicial: el voto popular en democracia<\/a><\/h2>\t\t\t\t\t\t<\/header><!-- .entry-header -->\n\t\t\t\t\t\t\t<div class=\"wp-show-posts-image  wpsp-image-center \">\n\t\t\t<a href=\"https:\/\/veredas.xoc.uam.mx\/index.php\/2025\/10\/30\/reforma-del-poder-judicial-el-voto-popular-en-democracia\/\"  title=\"Reforma del Poder Judicial: el voto popular en democracia\">\t\t\t\t\t<img decoding=\"async\" src=\"https:\/\/veredas.xoc.uam.mx\/archivos\/2025\/10\/element5-digital-T9CXBZLUvic-unsplash-700x500.jpg\" alt=\"Reforma del Poder Judicial: el voto popular en democracia\" itemprop=\"image\" class=\"center\" \/>\n\t\t\t\t<\/a>\t\t<\/div>\n\t\t\t\t\t\t\t\t<div class=\"wp-show-posts-entry-summary\" itemprop=\"text\">\n\t\t\t\t\t\t\t<p>La aprobaci\u00f3n de la reforma al Poder Judicial en M\u00e9xico revela que el proyecto fue una iniciativa exclusiva de la coalici\u00f3n gobernante y fue rechazado por la coalici\u00f3n opositora que representa la opini\u00f3n contraria a las modificaciones propuestas por el oficialismo.\u00a0\u00a0<\/p>\n\t\t\t\t\t\t<\/div><!-- .entry-summary -->\n\t\t\t\t\t<\/div><!-- wp-show-posts-inner --><\/article><article class=\" wp-show-posts-single post-5696 post type-post status-publish format-standard has-post-thumbnail hentry category-actualidad category-numero-46 tag-cadenas-globales tag-cuidado tag-cuidado-margenes tag-desposesion tag-necropolitica tag-precariedad wpsp-col-4\" itemtype=\"http:\/\/schema.org\/CreativeWork\" itemscope><div class=\"wp-show-posts-inner\" style=\"\">\t\t\t\t\t\t<header class=\"wp-show-posts-entry-header\">\n\t\t\t\t\t\t\t<h2 class=\"wp-show-posts-entry-title\" itemprop=\"headline\"><a href=\"https:\/\/veredas.xoc.uam.mx\/index.php\/2025\/08\/17\/cuidar-desde-los-margenes-cadenas-globales-necropolitica-y-acumulacion-por-desposesion-en-los-circuitos-transnacionales-del-cuidado\/\" rel=\"bookmark\">Cuidar desde los m\u00e1rgenes: cadenas globales, necropol\u00edtica y acumulaci\u00f3n por desposesi\u00f3n en los circuitos transnacionales del cuidado<\/a><\/h2>\t\t\t\t\t\t<\/header><!-- .entry-header -->\n\t\t\t\t\t\t\t<div class=\"wp-show-posts-image  wpsp-image-center \">\n\t\t\t<a href=\"https:\/\/veredas.xoc.uam.mx\/index.php\/2025\/08\/17\/cuidar-desde-los-margenes-cadenas-globales-necropolitica-y-acumulacion-por-desposesion-en-los-circuitos-transnacionales-del-cuidado\/\"  title=\"Cuidar desde los m\u00e1rgenes: cadenas globales, necropol\u00edtica y acumulaci\u00f3n por desposesi\u00f3n en los circuitos transnacionales del cuidado\">\t\t\t\t\t<img decoding=\"async\" src=\"https:\/\/veredas.xoc.uam.mx\/archivos\/2025\/08\/pexels-achi-murusidze-2064615248-33447171-700x500.jpg\" alt=\"Cuidar desde los m\u00e1rgenes: cadenas globales, necropol\u00edtica y acumulaci\u00f3n por desposesi\u00f3n en los circuitos transnacionales del cuidado\" itemprop=\"image\" class=\"center\" \/>\n\t\t\t\t<\/a>\t\t<\/div>\n\t\t\t\t\t\t\t\t<div class=\"wp-show-posts-entry-summary\" itemprop=\"text\">\n\t\t\t\t\t\t\t<p>En Suiza, miles de mujeres provenientes de Am\u00e9rica Latina, el Sudeste Asi\u00e1tico y Europa del Este, participan en la reproducci\u00f3n de la vida bajo condiciones de precariedad y silenciamiento.<\/p>\n\t\t\t\t\t\t<\/div><!-- .entry-summary -->\n\t\t\t\t\t<\/div><!-- wp-show-posts-inner --><\/article><article class=\" wp-show-posts-single post-5530 post type-post status-publish format-standard has-post-thumbnail hentry category-actualidad tag-crisis-climatica tag-medioambiente tag-plastico wpsp-col-4\" itemtype=\"http:\/\/schema.org\/CreativeWork\" itemscope><div class=\"wp-show-posts-inner\" style=\"\">\t\t\t\t\t\t<header class=\"wp-show-posts-entry-header\">\n\t\t\t\t\t\t\t<h2 class=\"wp-show-posts-entry-title\" itemprop=\"headline\"><a href=\"https:\/\/veredas.xoc.uam.mx\/index.php\/2025\/05\/12\/el-mar-de-plastico-en-que-vivimos\/\" rel=\"bookmark\">El mar de pl\u00e1stico en el que vivimos<\/a><\/h2>\t\t\t\t\t\t<\/header><!-- .entry-header -->\n\t\t\t\t\t\t\t<div class=\"wp-show-posts-image  wpsp-image-center \">\n\t\t\t<a href=\"https:\/\/veredas.xoc.uam.mx\/index.php\/2025\/05\/12\/el-mar-de-plastico-en-que-vivimos\/\"  title=\"El mar de pl\u00e1stico en el que vivimos\">\t\t\t\t\t<img decoding=\"async\" src=\"https:\/\/veredas.xoc.uam.mx\/archivos\/2025\/05\/Captura-de-pantalla-2025-05-12-a-las-13.19.32-1-700x500.png\" alt=\"El mar de pl\u00e1stico en el que vivimos\" itemprop=\"image\" class=\"center\" \/>\n\t\t\t\t<\/a>\t\t<\/div>\n\t\t\t\t\t\t\t\t<div class=\"wp-show-posts-entry-summary\" itemprop=\"text\">\n\t\t\t\t\t\t\t<p>Los datos lo dicen todo: en la d\u00e9cada de 2000-2010, la cantidad de desechos pl\u00e1sticos que generamos aument\u00f3 m\u00e1s en estos 10 a\u00f1os que en los 40 inmediatos anteriores. En todo el mundo se compran un mill\u00f3n de botellas cada minuto, al tiempo que se utilizan hasta cinco billones de bolsas de pl\u00e1stico al a\u00f1o.<\/p>\n\t\t\t\t\t\t<\/div><!-- .entry-summary -->\n\t\t\t\t\t<\/div><!-- wp-show-posts-inner --><\/article><article class=\" wp-show-posts-single post-4803 post type-post status-publish format-standard has-post-thumbnail hentry category-actualidad tag-cultura tag-moda tag-moda-y-sociologia tag-veredas-revista wpsp-col-4\" itemtype=\"http:\/\/schema.org\/CreativeWork\" itemscope><div class=\"wp-show-posts-inner\" style=\"\">\t\t\t\t\t\t<header class=\"wp-show-posts-entry-header\">\n\t\t\t\t\t\t\t<h2 class=\"wp-show-posts-entry-title\" itemprop=\"headline\"><a href=\"https:\/\/veredas.xoc.uam.mx\/index.php\/2024\/04\/18\/entretejiendo-la-moda-y-la-sociologia\/\" rel=\"bookmark\">Entretejiendo la moda y la sociolog\u00eda<\/a><\/h2>\t\t\t\t\t\t<\/header><!-- .entry-header -->\n\t\t\t\t\t\t\t<div class=\"wp-show-posts-image  wpsp-image-center \">\n\t\t\t<a href=\"https:\/\/veredas.xoc.uam.mx\/index.php\/2024\/04\/18\/entretejiendo-la-moda-y-la-sociologia\/\"  title=\"Entretejiendo la moda y la sociolog\u00eda\">\t\t\t\t\t<img decoding=\"async\" src=\"https:\/\/veredas.xoc.uam.mx\/archivos\/2024\/04\/download-scaled-700x500.jpeg\" alt=\"Entretejiendo la moda y la sociolog\u00eda\" itemprop=\"image\" class=\"center\" \/>\n\t\t\t\t<\/a>\t\t<\/div>\n\t\t\t\t\t\t\t\t<div class=\"wp-show-posts-entry-summary\" itemprop=\"text\">\n\t\t\t\t\t\t\t<p>Este texto se propone realizar un breve panorama de las teor\u00edas sobre la moda que provienen de la sociolog\u00eda. Se trata de un recorrido que no quiere ser exhaustivo, sino m\u00e1s bien mostrar las principales matrices a partir de las cuales se ha entendido la moda como un problema social. Son los semi\u00f3logos quienes han ampliado el estudio de la moda como forma de lenguaje.<\/p>\n\t\t\t\t\t\t<\/div><!-- .entry-summary -->\n\t\t\t\t\t<\/div><!-- wp-show-posts-inner --><\/article><article class=\" wp-show-posts-single post-4044 post type-post status-publish format-standard has-post-thumbnail hentry category-actualidad tag-maiz tag-ninopa tag-xochimilco wpsp-col-4\" itemtype=\"http:\/\/schema.org\/CreativeWork\" itemscope><div class=\"wp-show-posts-inner\" style=\"\">\t\t\t\t\t\t<header class=\"wp-show-posts-entry-header\">\n\t\t\t\t\t\t\t<h2 class=\"wp-show-posts-entry-title\" itemprop=\"headline\"><a href=\"https:\/\/veredas.xoc.uam.mx\/index.php\/2022\/12\/22\/guia-para-una-investigacion-de-campo-el-ciclo-del-maiz-el-culto-a-los-muertos-y-al-ninopa\/\" rel=\"bookmark\">Gu\u00eda para una investigaci\u00f3n de campo: el ciclo del ma\u00edz, el culto a los muertos y al Ni\u00f1opa<\/a><\/h2>\t\t\t\t\t\t<\/header><!-- .entry-header -->\n\t\t\t\t\t\t\t<div class=\"wp-show-posts-image  wpsp-image-center \">\n\t\t\t<a href=\"https:\/\/veredas.xoc.uam.mx\/index.php\/2022\/12\/22\/guia-para-una-investigacion-de-campo-el-ciclo-del-maiz-el-culto-a-los-muertos-y-al-ninopa\/\"  title=\"Gu\u00eda para una investigaci\u00f3n de campo: el ciclo del ma\u00edz, el culto a los muertos y al Ni\u00f1opa\">\t\t\t\t\t<img decoding=\"async\" src=\"https:\/\/veredas.xoc.uam.mx\/archivos\/2022\/12\/jumpstory-download20221222-022542-700x500.jpg\" alt=\"Gu\u00eda para una investigaci\u00f3n de campo: el ciclo del ma\u00edz, el culto a los muertos y al Ni\u00f1opa\" itemprop=\"image\" class=\"center\" \/>\n\t\t\t\t<\/a>\t\t<\/div>\n\t\t\t\t\t\t\t\t<div class=\"wp-show-posts-entry-summary\" itemprop=\"text\">\n\t\t\t\t\t\t\t<p>El objetivo en este momento, es recuperar la visi\u00f3n de los chinamperos originarios de Caltongo, Xochimilco, sobre el ciclo del ma\u00edz, el culto a los muertos y la mayordom\u00eda del Ni\u00f1opa.<\/p>\n\t\t\t\t\t\t<\/div><!-- .entry-summary -->\n\t\t\t\t\t<\/div><!-- wp-show-posts-inner --><\/article><article class=\" wp-show-posts-single post-3707 post type-post status-publish format-standard has-post-thumbnail hentry category-actualidad tag-cohesion-social tag-comunidad tag-comunidades tag-tradicion wpsp-col-4\" itemtype=\"http:\/\/schema.org\/CreativeWork\" itemscope><div class=\"wp-show-posts-inner\" style=\"\">\t\t\t\t\t\t<header class=\"wp-show-posts-entry-header\">\n\t\t\t\t\t\t\t<h2 class=\"wp-show-posts-entry-title\" itemprop=\"headline\"><a href=\"https:\/\/veredas.xoc.uam.mx\/index.php\/2022\/03\/23\/comunidad-tradicion-y-cohesion-social\/\" rel=\"bookmark\">Comunidad, tradici\u00f3n y cohesi\u00f3n social<\/a><\/h2>\t\t\t\t\t\t<\/header><!-- .entry-header -->\n\t\t\t\t\t\t\t<div class=\"wp-show-posts-image  wpsp-image-center \">\n\t\t\t<a href=\"https:\/\/veredas.xoc.uam.mx\/index.php\/2022\/03\/23\/comunidad-tradicion-y-cohesion-social\/\"  title=\"Comunidad, tradici\u00f3n y cohesi\u00f3n social\">\t\t\t\t\t<img decoding=\"async\" src=\"https:\/\/veredas.xoc.uam.mx\/archivos\/2022\/03\/1-rio-700x500.jpg\" alt=\"Comunidad, tradici\u00f3n y cohesi\u00f3n social\" itemprop=\"image\" class=\"center\" \/>\n\t\t\t\t<\/a>\t\t<\/div>\n\t\t\t\t\t\t\t\t<div class=\"wp-show-posts-entry-summary\" itemprop=\"text\">\n\t\t\t\t\t\t\t<p>La Cuenca del R\u00edo Amatzinac, nace en las faldas del volc\u00e1n Popocat\u00e9petl. Es clara su riqueza en t\u00e9rminos de paisaje, pero en t\u00e9rminos socioculturales esta regi\u00f3n ha motivado numerosos estudios desde distintas fronteras disciplinarias.<\/p>\n\t\t\t\t\t\t<\/div><!-- .entry-summary -->\n\t\t\t\t\t<\/div><!-- wp-show-posts-inner --><\/article><div class=\"wpsp-clear\"><\/div><\/section><!-- .wp-show-posts -->\t\t\t\t\t\t\t\t<\/div>\n\t\t\t\t<\/div>\n\t\t\t\t\t<\/div>\n\t\t<\/div>\n\t\t\t\t\t<\/div>\n\t\t<\/section>\n\t\t\t\t<\/div>\n\t\t","protected":false},"excerpt":{"rendered":"<p>Actualidad<\/p>\n","protected":false},"author":1,"featured_media":0,"parent":0,"menu_order":0,"comment_status":"closed","ping_status":"closed","template":"","meta":{"footnotes":""},"class_list":["post-2027","page","type-page","status-publish","hentry"],"_links":{"self":[{"href":"https:\/\/veredas.xoc.uam.mx\/index.php\/wp-json\/wp\/v2\/pages\/2027","targetHints":{"allow":["GET"]}}],"collection":[{"href":"https:\/\/veredas.xoc.uam.mx\/index.php\/wp-json\/wp\/v2\/pages"}],"about":[{"href":"https:\/\/veredas.xoc.uam.mx\/index.php\/wp-json\/wp\/v2\/types\/page"}],"author":[{"embeddable":true,"href":"https:\/\/veredas.xoc.uam.mx\/index.php\/wp-json\/wp\/v2\/users\/1"}],"replies":[{"embeddable":true,"href":"https:\/\/veredas.xoc.uam.mx\/index.php\/wp-json\/wp\/v2\/comments?post=2027"}],"version-history":[{"count":10,"href":"https:\/\/veredas.xoc.uam.mx\/index.php\/wp-json\/wp\/v2\/pages\/2027\/revisions"}],"predecessor-version":[{"id":3085,"href":"https:\/\/veredas.xoc.uam.mx\/index.php\/wp-json\/wp\/v2\/pages\/2027\/revisions\/3085"}],"wp:attachment":[{"href":"https:\/\/veredas.xoc.uam.mx\/index.php\/wp-json\/wp\/v2\/media?parent=2027"}],"curies":[{"name":"wp","href":"https:\/\/api.w.org\/{rel}","templated":true}]}}