{"id":2031,"date":"2020-12-10T00:21:20","date_gmt":"2020-12-10T00:21:20","guid":{"rendered":"https:\/\/veredas.xoc.uam.mx\/?page_id=2031"},"modified":"2025-05-15T00:40:19","modified_gmt":"2025-05-15T00:40:19","slug":"para-publicar","status":"publish","type":"page","link":"https:\/\/veredas.xoc.uam.mx\/index.php\/para-publicar\/","title":{"rendered":"Para publicar: info b\u00e1sica"},"content":{"rendered":"\t\t<div data-elementor-type=\"wp-page\" data-elementor-id=\"2031\" class=\"elementor elementor-2031\">\n\t\t\t\t\t\t<section class=\"elementor-section elementor-top-section elementor-element elementor-element-7511667f elementor-section-boxed elementor-section-height-default elementor-section-height-default\" data-id=\"7511667f\" data-element_type=\"section\">\n\t\t\t\t\t\t<div class=\"elementor-container elementor-column-gap-default\">\n\t\t\t\t\t<div class=\"elementor-column elementor-col-100 elementor-top-column elementor-element elementor-element-79b3e5ce\" data-id=\"79b3e5ce\" data-element_type=\"column\">\n\t\t\t<div class=\"elementor-widget-wrap elementor-element-populated\">\n\t\t\t\t\t\t<div class=\"elementor-element elementor-element-5ba82169 elementor-widget elementor-widget-text-editor\" data-id=\"5ba82169\" data-element_type=\"widget\" data-widget_type=\"text-editor.default\">\n\t\t\t\t<div class=\"elementor-widget-container\">\n\t\t\t\t\t\t\t\t\t<figure class=\"wp-block-image size-large\"><img fetchpriority=\"high\" decoding=\"async\" width=\"1024\" height=\"458\" class=\"wp-image-814\" src=\"https:\/\/veredas.xoc.uam.mx\/archivos\/2020\/02\/734-scaled-e1607712104399-1024x458.jpg\" alt=\"\" srcset=\"https:\/\/veredas.xoc.uam.mx\/archivos\/2020\/02\/734-scaled-e1607712104399-1024x458.jpg 1024w, https:\/\/veredas.xoc.uam.mx\/archivos\/2020\/02\/734-scaled-e1607712104399-300x134.jpg 300w, https:\/\/veredas.xoc.uam.mx\/archivos\/2020\/02\/734-scaled-e1607712104399-768x344.jpg 768w, https:\/\/veredas.xoc.uam.mx\/archivos\/2020\/02\/734-scaled-e1607712104399-1536x687.jpg 1536w, https:\/\/veredas.xoc.uam.mx\/archivos\/2020\/02\/734-scaled-e1607712104399-2048x916.jpg 2048w\" sizes=\"(max-width: 1024px) 100vw, 1024px\" \/>\n<p>\u00a0<\/p>\n<figcaption>freepick<\/figcaption>\n<\/figure>\n<p><!-- \/wp:image --><\/p>\n<p><!-- wp:paragraph --><\/p>\n<p id=\"block-676c80c4-5425-4950-8a92-a098b16a6ea3\">La revista es de car\u00e1cter internacional, con un acento importante en las comunidades de habla hispana. Su periodicidad es semestral y en todo momento, apostamos por escalar en calidad y rigor acad\u00e9mico, as\u00ed como por la incorporaci\u00f3n de perspectivas inter, trans y multidisciplinarias que enriquezcan la reflexi\u00f3n desde las ciencias sociales y las humanidades.<\/p>\n<p style=\"text-align: center;\"><strong>LAS L\u00cdNEAS DE REFLEXI\u00d3N QUE VEREDAS SUGIERE SON:<\/strong><\/p>\n<ul>\n<li>\u00c1mbito laboral. Sociolog\u00eda del trabajo.<\/li>\n<li>Mujeres y estudios de g\u00e9nero.<\/li>\n<li>Sociolog\u00eda de la poblaci\u00f3n, grupos migratorios y comunidades en situaci\u00f3n de vulnerabilidad.<\/li>\n<li>Alimentaci\u00f3n y econom\u00eda social.<\/li>\n<li>Los mundos rural y urbano: territorio, comunidad e identidad y salud.<\/li>\n<li>Procesos pol\u00edticos y electorales.<\/li>\n<li>Procesos culturales, educativos, discursos medi\u00e1ticos, digitales y tecnolog\u00eda.<\/li>\n<li>Movimientos sociales y acci\u00f3n colectiva.<\/li>\n<li>Control social, desviaci\u00f3n, crimen y delincuencia.<\/li>\n<li>Estudios simb\u00f3licos y religi\u00f3n.<\/li>\n<li>Cultura visual y ciencias sociales.<\/li>\n<li>Sociolog\u00eda del derecho, sociolog\u00eda jur\u00eddica, derechos humanos y ambientales.<\/li>\n<li>Sociolog\u00eda del cuerpo, emociones y sensorialidad.<\/li>\n<li>Historia social y pol\u00edtica.<\/li>\n<li>Sociolog\u00eda de la cultura, sociolog\u00eda del arte y sociolog\u00eda del cine.<\/li>\n<li>Estudios sobre violencias.<\/li>\n<\/ul>\n<p>\u00a0<\/p>\n<p><!-- \/wp:paragraph --><\/p>\n<p><!-- wp:paragraph --><\/p>\n<p id=\"block-31a13f8d-c2c9-4970-85a8-7087a1356602\" style=\"text-align: center;\"><strong>CRITERIOS EDITORIALES<\/strong><\/p>\n<p>S\u00f3lo se reciben materiales originales e in\u00e9ditos. Al enviar su trabajo, las y los autores deber\u00e1n manifestar que es original y que no ha sido postulado en otra publicaci\u00f3n (esta carta deber\u00e1 firmarse y anexarse en el momento que env\u00edan su art\u00edculo al Departamento de Relaciones Sociales).<\/p>\n<p><!-- \/wp:paragraph --><\/p>\n<p><!-- wp:paragraph --><\/p>\n<p id=\"block-5841f8d9-a114-433e-92db-6722fd821b09\">La columna vertebral de la revista son los art\u00edculos acad\u00e9micos y se valora que tengan un inter\u00e9s que rebase los l\u00edmites de una instituci\u00f3n o programa particular. Podr\u00e1n ser:<br \/>a) Art\u00edculos de investigaci\u00f3n emp\u00edrica con sustento te\u00f3rico que posibiliten un avance en la comprensi\u00f3n del fen\u00f3meno en estudio;<br \/>b) Estudios de tipo evaluativo o diagn\u00f3stico que muestren una aproximaci\u00f3n te\u00f3rico-metodol\u00f3gica innovadora, que tengan un amplio espectro (estudios nacionales, regionales) o que valoren resultados de diferentes estudios;<br \/>c) Revisiones: estados de arte o estados de conocimiento sobre un tema.<\/p>\n<p><!-- \/wp:paragraph --><\/p>\n<p><!-- wp:paragraph --><\/p>\n<p id=\"block-459d234b-f380-46a0-9f82-58e7c9fe8d70\">Por otro lado, si bien los ensayos acad\u00e9micos y las rese\u00f1as permiten la expresi\u00f3n \u00e1gil y personal de las ideas, en el caso del ensayo se valora en gran medida la capacidad cr\u00edtica y argumentativa que lleva a la comprobaci\u00f3n o refutaci\u00f3n de una hip\u00f3tesis. Y en la rese\u00f1a, se valora la agudeza anal\u00edtica que arroja una opini\u00f3n respaldada por el rigor acad\u00e9mico.<\/p>\n<p id=\"block-459d234b-f380-46a0-9f82-58e7c9fe8d70\">As\u00ed, recibimos rese\u00f1as de libros sobre temas relacionados con la revista, traducciones, cr\u00edtica cultural y an\u00e1lisis cinematogr\u00e1fico, y tambi\u00e9n contribuciones literarias (poemas, cuentos, relatos).<\/p>\n<p><!-- \/wp:paragraph --><\/p>\n<p><!-- wp:paragraph --><\/p>\n<p id=\"block-9b48604e-a1a0-4a00-90c5-0d936a73005c\">Los y las investigadoras que presenten una entrevista como colaboraci\u00f3n, ser\u00e1 valorada la discusi\u00f3n o intercambio acad\u00e9mico-metodol\u00f3gico que lleve a cabo con el o la entrevistada.<\/p>\n<p><!-- \/wp:paragraph --><\/p>\n<p><!-- wp:paragraph --><\/p>\n<p id=\"block-b995b8c8-0bc4-49b7-9ccc-77e60a8aa9e4\">La dictaminaci\u00f3n de las colaboraciones tiene un car\u00e1cter an\u00f3nimo y se llevar\u00e1 a cabo por al menos dos de los integrantes de la cartera de \u00e1rbitros especialistas en el tema (revisi\u00f3n por pares ciegos).<\/p>\n<p><!-- \/wp:paragraph --><\/p>\n<p><!-- wp:paragraph --><\/p>\n<p id=\"block-7be7747a-7fa2-4166-a8a1-e667a8c7759d\">El art\u00edculo iniciar\u00e1 el proceso de dictaminaci\u00f3n una vez que se haya verificado que cumple con los requerimientos formales y que se haga llegar a los autores el acuse de recepci\u00f3n formal correspondiente (este se enviar\u00e1 v\u00eda correo electr\u00f3nico).<\/p>\n<p><!-- \/wp:paragraph --><\/p>\n<p><!-- wp:paragraph --><\/p>\n<p id=\"block-ce4e8ec9-9705-4bea-a4b2-4348e6861297\">Antes de ser enviados a dictamen, los textos son revisados por alguno de los editores para evaluar su pertinencia en la revista y si debe ser enviado a dictamen o no. En este \u00faltimo caso, se notificar\u00e1 lo m\u00e1s pronto posible al autor o autora.<\/p>\n<p><!-- \/wp:paragraph --><\/p>\n<p><!-- wp:paragraph --><\/p>\n<p id=\"block-9bbce6fc-c1dc-45d4-bdf8-6fa2b66c5597\">De acuerdo con la evaluaci\u00f3n de los expertos, el art\u00edculo sometido a dictamen puede ser:<br \/>a) recomendado ampliamente para su publicaci\u00f3n;<br \/>b) recomendado para su publicaci\u00f3n s\u00f3lo si se mejora su calidad en los t\u00e9rminos indicados;<br \/>c) recomendado para su publicaci\u00f3n pero en otra revista distinta a Veredas, o<br \/>d) no recomendado para su publicaci\u00f3n.<\/p>\n<p><!-- \/wp:paragraph --><\/p>\n<p><!-- wp:paragraph --><\/p>\n<p id=\"block-7530edd5-69b1-421d-b7fb-556bab8b5698\">El compromiso de Veredas. Revista del Pensamiento Sociol\u00f3gico es concluir el proceso en el menor tiempo posible, sin embargo, el tiempo del arbitraje estar\u00e1 sujeto a la carga de trabajo de los especialistas a los que se les haya asignado el art\u00edculo y al env\u00edo del fallo correspondiente. Este proceso puede variar entre un mes y dos. Si el art\u00edculo es aceptado, los autores deber\u00e1n firmar un contrato de cesi\u00f3n de derechos (formato CCD).<br \/>La aceptaci\u00f3n formal y la posterior designaci\u00f3n del n\u00famero en el cual el art\u00edculo ser\u00e1 publicado est\u00e1n condicionadas al env\u00edo del contrato de cesi\u00f3n de derechos por parte de las y los autores, as\u00ed como al cumplimiento de cualquier otro requisito legal, administrativo o de cualquier otra \u00edndole, que se le requiera.<\/p>\n<p><!-- \/wp:paragraph --><\/p>\n<p><!-- wp:paragraph --><\/p>\n<p id=\"block-1c94844f-ec19-4cdf-bd40-bbf5b86cdc61\">Los autores recibir\u00e1n un ejemplar del n\u00famero de la revista en la que aparezca publicado su trabajo.<\/p>\n<p><!-- \/wp:paragraph --><\/p>\n<p><!-- wp:paragraph --><\/p>\n<p id=\"block-7b2cfa2e-4dc6-4e17-b17a-dd20e8efbc0b\" style=\"text-align: center;\"><strong>LINEAMIENTOS<\/strong><\/p>\n<p>S\u00f3lo se enviar\u00e1n a dictaminaci\u00f3n los art\u00edculos que cumplan con todos los puntos detallados a continuaci\u00f3n:<\/p>\n<p><!-- \/wp:paragraph --><\/p>\n<p><!-- wp:list --><\/p>\n<ul id=\"block-7aa7f56f-36ea-420b-aa5d-bffe0099ee95\">\n<li>1. El texto se enviar\u00e1 en formato Word y sus gr\u00e1ficas, cuadros, figuras, diagramas, im\u00e1genes, f\u00f3rmulas y tablas, en el programa en que fueron creadas (Excel, Word, Stata, etc.).<\/li>\n<li>2. S\u00f3lo se aceptan textos redactados en espa\u00f1ol o ingl\u00e9s. El trabajo deber\u00e1 tener una extensi\u00f3n m\u00ednima de 6,000 palabras y m\u00e1xima de 10,000 palabras, en letra Arial, 12 puntos, espacio y medio interlineal, en papel tama\u00f1o carta y foliaci\u00f3n ininterrumpida.<\/li>\n<li>3. Incluir, junto con el env\u00edo del trabajo, la siguiente informaci\u00f3n:<br \/>a) T\u00cdTULO del trabajo (en espa\u00f1ol e ingl\u00e9s).<br \/>b) RESUMEN de su contenido (entre 80 y 150 palabras).<br \/>c) ABSTRACT en ingl\u00e9s (mismo contenido que el resumen en espa\u00f1ol).<br \/>d) PALABRAS CLAVE. Las palabras clave deber\u00e1n seleccionarse seg\u00fan los siguientes \u00edndices: PAIS International Broad Topics Classification System; OCDE Macrothesaurus; UNBIS, United Nations Bibliographic Information).<br \/>e) KEY WORDS (misma cantidad de palabras y mismo sentido que en espa\u00f1ol).<br \/>f) NOMBRE Y NACIONALIDAD DEL AUTOR, se\u00f1alando la actividad que se encuentra desarrollando en el momento de someter a dictamen el art\u00edculo, su instituci\u00f3n de adscripci\u00f3n, as\u00ed como domicilio completo, tel\u00e9fono y correo electr\u00f3nico (en espa\u00f1ol e ingl\u00e9s).<br \/>g) BREVE BIOGRAF\u00cdA de cada autor en espa\u00f1ol e ingl\u00e9s (entre 100 y 150 palabras).<\/li>\n<li>4. La forma de citar textos es con base en los criterios de ISO-690 que utiliza el estilo Harvard:<br \/>4.1. Poner las referencias bibliogr\u00e1ficas entre par\u00e9ntesis en el texto, del siguiente modo: (autor, a\u00f1o, p\u00e1gina) o bien (autor, a\u00f1o).<br \/>4.2. La bibliograf\u00eda completa debe ser presentada al final, ordenada alfab\u00e9ticamente y adecuarse al siguiente esquema:<br \/>a) Para libros: apellidos, nombre, a\u00f1o (entre par\u00e9ntesis), t\u00edtulo (en cursivas), ciudad, editorial, p\u00e1ginas;<br \/>b) Para art\u00edculo compilado en libro: apellidos, nombre, a\u00f1o (entre par\u00e9ntesis), t\u00edtulo (entre comillas), p\u00e1gina, la palabra en, nombre del compilador, t\u00edtulo del libro (en cursivas), ciudad, editorial;<br \/>c) Para revistas y peri\u00f3dicos: apellidos, nombre, a\u00f1o (entre par\u00e9ntesis), t\u00edtulo (entre comillas), la palabra en, nombre de la publicaci\u00f3n, volumen, n\u00famero, p\u00e1ginas;<br \/>d) Para fuentes oficiales: nombre instituci\u00f3n, a\u00f1o de publicaci\u00f3n (entre par\u00e9ntesis), t\u00edtulo (entre comillas), pa\u00eds, p\u00e1ginas;<br \/>e) Para simposios, congresos, seminarios, coloquios, etc.: apellido, nombre, a\u00f1o (entre par\u00e9ntesis), t\u00edtulo (entre comillas), nombre del evento, n\u00famero, ciudad y pa\u00eds;<br \/>f) Para medios electr\u00f3nicos: apellido, nombre, a\u00f1o (entre par\u00e9ntesis), t\u00edtulo (entre comillas), DOI, fecha de consulta dd\/mm\/aaaa y el link.<br \/>g) Las citas textuales menores a tres renglones deben quedar incorporadas al texto poni\u00e9ndolas entre comillas, pero si son mayores a tres renglones deben quedar separadas del texto con punto y aparte, poni\u00e9ndolas entre comillas, dejando un espacio, baj\u00e1ndolas a 11 Arial en letra cursiva y a un espacio interlineal, poniendo al final la cita del autor en la misma modalidad Harvard entre par\u00e9ntesis y volviendo a dejar un espacio para continuar el texto normal a 12 Arial y con la separaci\u00f3n interlineal de uno y medio.<br \/>h) Es indispensable que cada obra mencionada en la bibliograf\u00eda haya sido citada dentro del art\u00edculo, de lo contrario no se considerar\u00e1 como fuente consultada por los autores.<\/li>\n<\/ul>\n<p><!-- \/wp:list --><\/p>\n<p><!-- wp:paragraph --><\/p>\n<p id=\"block-e0546da0-fd38-4793-9132-8d2875382291\">Toda imagen, mapa, tabla, gr\u00e1fica o figura, debe ir acompa\u00f1ada de su t\u00edtulo y fuente o en su caso de la leyenda \u201cElaboraci\u00f3n propia\u201d. Enviar las tablas, diagramas, figuras, im\u00e1genes, ecuaciones, cuadros y gr\u00e1ficas en el programa en que fueron creadas (Word, Excel, Stata, SPSS, etc.). Si fueron elaboradas en Stata, deben venir acompa\u00f1adas de un pdf generado directamente de Stata. En caso de usar otro programa, favor de informar al entregar el art\u00edculo. En el caso de fotograf\u00edas se solicita se tengan los derechos correspondientes.<\/p>\n<p><!-- \/wp:paragraph --><\/p>\n<p><!-- wp:paragraph --><\/p>\n<p id=\"block-dd615aae-4926-4c3c-b6f7-81fffcd1c433\">Las colaboraciones deber\u00e1n ser enviadas al Departamento de Relaciones Sociales ubicado en el Edificio L, tercer piso de la UAM-X, Calzada del Hueso 1100, col. Villa Quietud, Alcald\u00eda Coyoac\u00e1n, Ciudad de M\u00e9xico, C.P. 04960 y por correo electr\u00f3nico a: veredas@correo.xoc.uam.mx sobre temas<\/p>\n<p><!-- \/wp:paragraph --><\/p>\t\t\t\t\t\t\t\t<\/div>\n\t\t\t\t<\/div>\n\t\t\t\t\t<\/div>\n\t\t<\/div>\n\t\t\t\t\t<\/div>\n\t\t<\/section>\n\t\t\t\t<\/div>\n\t\t","protected":false},"excerpt":{"rendered":"<p>\u00a0freepick La revista es de car\u00e1cter internacional, con un acento importante en las comunidades de habla hispana. Su periodicidad es semestral y en todo momento, apostamos por escalar en calidad y rigor acad\u00e9mico, as\u00ed como por la incorporaci\u00f3n de perspectivas inter, trans y multidisciplinarias que enriquezcan la reflexi\u00f3n desde las ciencias sociales y las humanidades. [&hellip;]<\/p>\n","protected":false},"author":2,"featured_media":0,"parent":0,"menu_order":0,"comment_status":"closed","ping_status":"closed","template":"","meta":{"footnotes":""},"class_list":["post-2031","page","type-page","status-publish","hentry"],"_links":{"self":[{"href":"https:\/\/veredas.xoc.uam.mx\/index.php\/wp-json\/wp\/v2\/pages\/2031","targetHints":{"allow":["GET"]}}],"collection":[{"href":"https:\/\/veredas.xoc.uam.mx\/index.php\/wp-json\/wp\/v2\/pages"}],"about":[{"href":"https:\/\/veredas.xoc.uam.mx\/index.php\/wp-json\/wp\/v2\/types\/page"}],"author":[{"embeddable":true,"href":"https:\/\/veredas.xoc.uam.mx\/index.php\/wp-json\/wp\/v2\/users\/2"}],"replies":[{"embeddable":true,"href":"https:\/\/veredas.xoc.uam.mx\/index.php\/wp-json\/wp\/v2\/comments?post=2031"}],"version-history":[{"count":13,"href":"https:\/\/veredas.xoc.uam.mx\/index.php\/wp-json\/wp\/v2\/pages\/2031\/revisions"}],"predecessor-version":[{"id":5632,"href":"https:\/\/veredas.xoc.uam.mx\/index.php\/wp-json\/wp\/v2\/pages\/2031\/revisions\/5632"}],"wp:attachment":[{"href":"https:\/\/veredas.xoc.uam.mx\/index.php\/wp-json\/wp\/v2\/media?parent=2031"}],"curies":[{"name":"wp","href":"https:\/\/api.w.org\/{rel}","templated":true}]}}