{"id":3059,"date":"2021-10-02T15:18:04","date_gmt":"2021-10-02T15:18:04","guid":{"rendered":"https:\/\/veredas.xoc.uam.mx\/?page_id=3059"},"modified":"2021-10-02T15:31:43","modified_gmt":"2021-10-02T15:31:43","slug":"cronicas-academicas","status":"publish","type":"page","link":"https:\/\/veredas.xoc.uam.mx\/index.php\/cronicas-academicas\/","title":{"rendered":"Cr\u00f3nicas Acad\u00e9micas"},"content":{"rendered":"\t\t<div data-elementor-type=\"wp-page\" data-elementor-id=\"3059\" class=\"elementor elementor-3059\">\n\t\t\t\t\t\t<section class=\"elementor-section elementor-top-section elementor-element elementor-element-7a5bfbd elementor-section-boxed elementor-section-height-default elementor-section-height-default\" data-id=\"7a5bfbd\" data-element_type=\"section\" data-settings=\"{&quot;background_background&quot;:&quot;classic&quot;}\">\n\t\t\t\t\t\t<div class=\"elementor-container elementor-column-gap-default\">\n\t\t\t\t\t<div class=\"elementor-column elementor-col-100 elementor-top-column elementor-element elementor-element-1895ccc\" data-id=\"1895ccc\" data-element_type=\"column\">\n\t\t\t<div class=\"elementor-widget-wrap elementor-element-populated\">\n\t\t\t\t\t\t<div class=\"elementor-element elementor-element-ebf7e71 elementor-widget elementor-widget-heading\" data-id=\"ebf7e71\" data-element_type=\"widget\" data-widget_type=\"heading.default\">\n\t\t\t\t<div class=\"elementor-widget-container\">\n\t\t\t\t\t<h2 class=\"elementor-heading-title elementor-size-large\">Cr\u00f3nicas Acad\u00e9micas<\/h2>\t\t\t\t<\/div>\n\t\t\t\t<\/div>\n\t\t\t\t\t<\/div>\n\t\t<\/div>\n\t\t\t\t\t<\/div>\n\t\t<\/section>\n\t\t\t\t<section class=\"elementor-section elementor-top-section elementor-element elementor-element-a828d3b elementor-section-boxed elementor-section-height-default elementor-section-height-default\" data-id=\"a828d3b\" data-element_type=\"section\">\n\t\t\t\t\t\t<div class=\"elementor-container elementor-column-gap-default\">\n\t\t\t\t\t<div class=\"elementor-column elementor-col-100 elementor-top-column elementor-element elementor-element-d7a2316\" data-id=\"d7a2316\" data-element_type=\"column\">\n\t\t\t<div class=\"elementor-widget-wrap elementor-element-populated\">\n\t\t\t\t\t\t<div class=\"elementor-element elementor-element-c5b5117 elementor-widget elementor-widget-text-editor\" data-id=\"c5b5117\" data-element_type=\"widget\" data-widget_type=\"text-editor.default\">\n\t\t\t\t<div class=\"elementor-widget-container\">\n\t\t\t\t\t\t\t\t\t<style>.wp-show-posts-columns#wpsp-3058 {margin-left: -1em; }.wp-show-posts-columns#wpsp-3058 .wp-show-posts-inner {margin: 0 0 1em 1em; }<\/style><section id=\"wpsp-3058\" class=\" wp-show-posts-columns wp-show-posts\" style=\"\"><article class=\" wp-show-posts-single post-5718 post type-post status-publish format-standard has-post-thumbnail hentry category-cronicas-academicas tag-cronica tag-extrema-derecha tag-fascismo tag-iglesia wpsp-col-4\" itemtype=\"http:\/\/schema.org\/CreativeWork\" itemscope><div class=\"wp-show-posts-inner\" style=\"\">\t\t\t\t\t\t<header class=\"wp-show-posts-entry-header\">\n\t\t\t\t\t\t\t<h2 class=\"wp-show-posts-entry-title\" itemprop=\"headline\"><a href=\"https:\/\/veredas.xoc.uam.mx\/index.php\/2025\/10\/30\/una-tarde-de-flores-y-fascismo\/\" rel=\"bookmark\">Una tarde de flores y fascismo<\/a><\/h2>\t\t\t\t\t\t<\/header><!-- .entry-header -->\n\t\t\t\t\t\t\t<div class=\"wp-show-posts-image  wpsp-image-center \">\n\t\t\t<a href=\"https:\/\/veredas.xoc.uam.mx\/index.php\/2025\/10\/30\/una-tarde-de-flores-y-fascismo\/\"  title=\"Una tarde de flores y fascismo\">\t\t\t\t\t<img decoding=\"async\" src=\"https:\/\/veredas.xoc.uam.mx\/archivos\/2025\/10\/pexels-atypeek-12258536-700x500.jpg\" alt=\"Una tarde de flores y fascismo\" itemprop=\"image\" class=\"center\" \/>\n\t\t\t\t<\/a>\t\t<\/div>\n\t\t\t\t\t\t\t\t<div class=\"wp-show-posts-entry-summary\" itemprop=\"text\">\n\t\t\t\t\t\t\t<p>\u201cTambi\u00e9n estamos muy enojados con la Iglesia\u201d&#8230; Yo, que me hab\u00eda pasado los meses anteriores leyendo sobre los or\u00edgenes de la extrema derecha espa\u00f1ola, lo entend\u00ed r\u00e1pidamente: los estrechos e hist\u00f3ricos v\u00ednculos entre la Iglesia y la derecha se hab\u00edan roto. <\/p>\n\t\t\t\t\t\t<\/div><!-- .entry-summary -->\n\t\t\t\t\t<\/div><!-- wp-show-posts-inner --><\/article><article class=\" wp-show-posts-single post-5679 post type-post status-publish format-standard has-post-thumbnail hentry category-cronicas-academicas category-numero-46 tag-desigualdad-social tag-educacion-superior tag-mexico wpsp-col-4\" itemtype=\"http:\/\/schema.org\/CreativeWork\" itemscope><div class=\"wp-show-posts-inner\" style=\"\">\t\t\t\t\t\t<header class=\"wp-show-posts-entry-header\">\n\t\t\t\t\t\t\t<h2 class=\"wp-show-posts-entry-title\" itemprop=\"headline\"><a href=\"https:\/\/veredas.xoc.uam.mx\/index.php\/2025\/08\/12\/diversas-manifestaciones-de-las-desigualdades-sociales-en-mexico-contemporaneo\/\" rel=\"bookmark\">Diversas manifestaciones de las desigualdades sociales en M\u00e9xico contempor\u00e1neo<\/a><\/h2>\t\t\t\t\t\t<\/header><!-- .entry-header -->\n\t\t\t\t\t\t\t<div class=\"wp-show-posts-image  wpsp-image-center \">\n\t\t\t<a href=\"https:\/\/veredas.xoc.uam.mx\/index.php\/2025\/08\/12\/diversas-manifestaciones-de-las-desigualdades-sociales-en-mexico-contemporaneo\/\"  title=\"Diversas manifestaciones de las desigualdades sociales en M\u00e9xico contempor\u00e1neo\">\t\t\t\t\t<img decoding=\"async\" src=\"https:\/\/veredas.xoc.uam.mx\/archivos\/2025\/08\/pexels-rethaferguson-3059654-700x500.jpg\" alt=\"Diversas manifestaciones de las desigualdades sociales en M\u00e9xico contempor\u00e1neo\" itemprop=\"image\" class=\"center\" \/>\n\t\t\t\t<\/a>\t\t<\/div>\n\t\t\t\t\t\t\t\t<div class=\"wp-show-posts-entry-summary\" itemprop=\"text\">\n\t\t\t\t\t\t\t<p>La educaci\u00f3n superior es pilar para el desarrollo individual y una herramienta clave en la formaci\u00f3n de capital humano, indispensable para el Estado y sus fuerzas productivas. Esta es una reflexi\u00f3n sobre la educaci\u00f3n superior como fen\u00f3meno de desigualdad en M\u00e9xico.<\/p>\n\t\t\t\t\t\t<\/div><!-- .entry-summary -->\n\t\t\t\t\t<\/div><!-- wp-show-posts-inner --><\/article><article class=\" wp-show-posts-single post-5496 post type-post status-publish format-standard has-post-thumbnail hentry category-cronicas-academicas tag-activismo tag-analista tag-critica tag-disidencia tag-estados-unidos tag-legado tag-lider tag-linguista tag-teorico tag-voz wpsp-col-4\" itemtype=\"http:\/\/schema.org\/CreativeWork\" itemscope><div class=\"wp-show-posts-inner\" style=\"\">\t\t\t\t\t\t<header class=\"wp-show-posts-entry-header\">\n\t\t\t\t\t\t\t<h2 class=\"wp-show-posts-entry-title\" itemprop=\"headline\"><a href=\"https:\/\/veredas.xoc.uam.mx\/index.php\/2025\/05\/09\/la-voz-silenciada-de-chomsky-y-su-legado-interminable\/\" rel=\"bookmark\">La voz silenciada de Chomsky y su legado interminable<\/a><\/h2>\t\t\t\t\t\t<\/header><!-- .entry-header -->\n\t\t\t\t\t\t\t<div class=\"wp-show-posts-image  wpsp-image-center \">\n\t\t\t<a href=\"https:\/\/veredas.xoc.uam.mx\/index.php\/2025\/05\/09\/la-voz-silenciada-de-chomsky-y-su-legado-interminable\/\"  title=\"La voz silenciada de Chomsky y su legado interminable\">\t\t\t\t\t<img decoding=\"async\" src=\"https:\/\/veredas.xoc.uam.mx\/archivos\/2025\/05\/Captura-de-pantalla-2025-05-09-130650-700x500.png\" alt=\"La voz silenciada de Chomsky y su legado interminable\" itemprop=\"image\" class=\"center\" \/>\n\t\t\t\t<\/a>\t\t<\/div>\n\t\t\t\t\t\t\t\t<div class=\"wp-show-posts-entry-summary\" itemprop=\"text\">\n\t\t\t\t\t\t\t<p>Hoy que Estados Unidos requiere voces disidentes poderosas, el vac\u00edo que ha dejado la voz de Chomsky se vuelve profundo y crucial. Recuper\u00e1ndose de un derrame cerebral sufrido hace un a\u00f1o, aqu\u00ed revisamos su trascendencia en la voz de Stuart Rees, profesor em\u00e9rito de la Universidad de S\u00eddney.<\/p>\n\t\t\t\t\t\t<\/div><!-- .entry-summary -->\n\t\t\t\t\t<\/div><!-- wp-show-posts-inner --><\/article><article class=\" wp-show-posts-single post-4793 post type-post status-publish format-standard has-post-thumbnail hentry category-cronicas-academicas tag-america-latina tag-educacion-popular tag-exiio-argentino tag-exilio tag-exilio-en-mexico tag-mexico tag-veredas-revista wpsp-col-4\" itemtype=\"http:\/\/schema.org\/CreativeWork\" itemscope><div class=\"wp-show-posts-inner\" style=\"\">\t\t\t\t\t\t<header class=\"wp-show-posts-entry-header\">\n\t\t\t\t\t\t\t<h2 class=\"wp-show-posts-entry-title\" itemprop=\"headline\"><a href=\"https:\/\/veredas.xoc.uam.mx\/index.php\/2024\/04\/18\/educacion-popular-en-america-latina-los-aportes-de-adriana-puiggros-durante-el-exilio-argentino-en-mexico\/\" rel=\"bookmark\">Educaci\u00f3n popular en Am\u00e9rica Latina. Los aportes de Adriana Puiggr\u00f3s durante el exilio argentino en M\u00e9xico<\/a><\/h2>\t\t\t\t\t\t<\/header><!-- .entry-header -->\n\t\t\t\t\t\t\t<div class=\"wp-show-posts-image  wpsp-image-center \">\n\t\t\t<a href=\"https:\/\/veredas.xoc.uam.mx\/index.php\/2024\/04\/18\/educacion-popular-en-america-latina-los-aportes-de-adriana-puiggros-durante-el-exilio-argentino-en-mexico\/\"  title=\"Educaci\u00f3n popular en Am\u00e9rica Latina. Los aportes de Adriana Puiggr\u00f3s durante el exilio argentino en M\u00e9xico\">\t\t\t\t\t<img decoding=\"async\" src=\"https:\/\/veredas.xoc.uam.mx\/archivos\/2024\/04\/jumpstory-download20240416-164621-700x500.jpg\" alt=\"Educaci\u00f3n popular en Am\u00e9rica Latina. Los aportes de Adriana Puiggr\u00f3s durante el exilio argentino en M\u00e9xico\" itemprop=\"image\" class=\"center\" \/>\n\t\t\t\t<\/a>\t\t<\/div>\n\t\t\t\t\t\t\t\t<div class=\"wp-show-posts-entry-summary\" itemprop=\"text\">\n\t\t\t\t\t\t\t<p>El exilio argentino en M\u00e9xico que tuvo lugar en la d\u00e9cada de los setenta fue un hecho hist\u00f3rico que nutri\u00f3 una conciencia latinoamericana en nuestro pa\u00eds. Aqu\u00ed y a nivel regional producir\u00eda un posicionamiento pol\u00edtico de la izquierda subcontinental y las nociones de democracia y de derechos humanos.<\/p>\n\t\t\t\t\t\t<\/div><!-- .entry-summary -->\n\t\t\t\t\t<\/div><!-- wp-show-posts-inner --><\/article><article class=\" wp-show-posts-single post-4034 post type-post status-publish format-standard has-post-thumbnail hentry category-cronicas-academicas tag-distanciamiento-social tag-ensenanza-aprendizaje tag-experiencias tag-pandemia wpsp-col-4\" itemtype=\"http:\/\/schema.org\/CreativeWork\" itemscope><div class=\"wp-show-posts-inner\" style=\"\">\t\t\t\t\t\t<header class=\"wp-show-posts-entry-header\">\n\t\t\t\t\t\t\t<h2 class=\"wp-show-posts-entry-title\" itemprop=\"headline\"><a href=\"https:\/\/veredas.xoc.uam.mx\/index.php\/2022\/12\/22\/pandemia-distanciamiento-social-experiencias-de-ensenanza-aprendizaje-modular\/\" rel=\"bookmark\">Pandemia, distanciamiento social. Experiencias de ense\u00f1anza-aprendizaje modular<\/a><\/h2>\t\t\t\t\t\t<\/header><!-- .entry-header -->\n\t\t\t\t\t\t\t<div class=\"wp-show-posts-image  wpsp-image-center \">\n\t\t\t<a href=\"https:\/\/veredas.xoc.uam.mx\/index.php\/2022\/12\/22\/pandemia-distanciamiento-social-experiencias-de-ensenanza-aprendizaje-modular\/\"  title=\"Pandemia, distanciamiento social. Experiencias de ense\u00f1anza-aprendizaje modular\">\t\t\t\t\t<img decoding=\"async\" src=\"https:\/\/veredas.xoc.uam.mx\/archivos\/2022\/12\/jumpstory-download20221222-015817-700x500.jpg\" alt=\"Pandemia, distanciamiento social. Experiencias de ense\u00f1anza-aprendizaje modular\" itemprop=\"image\" class=\"center\" \/>\n\t\t\t\t<\/a>\t\t<\/div>\n\t\t\t\t\t\t\t\t<div class=\"wp-show-posts-entry-summary\" itemprop=\"text\">\n\t\t\t\t\t\t\t<p>Hacia el 2020, la vida social e individual en general se vio interpelada y modificada en todos los aspectos, los m\u00e1s importantes y tambi\u00e9n los m\u00e1s cotidianos. Adem\u00e1s, lo digital triunf\u00f3.<\/p>\n\t\t\t\t\t\t<\/div><!-- .entry-summary -->\n\t\t\t\t\t<\/div><!-- wp-show-posts-inner --><\/article><article class=\" wp-show-posts-single post-3721 post type-post status-publish format-standard has-post-thumbnail hentry category-cronicas-academicas tag-libro wpsp-col-4\" itemtype=\"http:\/\/schema.org\/CreativeWork\" itemscope><div class=\"wp-show-posts-inner\" style=\"\">\t\t\t\t\t\t<header class=\"wp-show-posts-entry-header\">\n\t\t\t\t\t\t\t<h2 class=\"wp-show-posts-entry-title\" itemprop=\"headline\"><a href=\"https:\/\/veredas.xoc.uam.mx\/index.php\/2022\/03\/23\/la-teoria-social-frente-al-espejo-de-la-pandemia-global\/\" rel=\"bookmark\">La teor\u00eda social frente al espejo de la pandemia global<\/a><\/h2>\t\t\t\t\t\t<\/header><!-- .entry-header -->\n\t\t\t\t\t\t\t<div class=\"wp-show-posts-image  wpsp-image-center \">\n\t\t\t<a href=\"https:\/\/veredas.xoc.uam.mx\/index.php\/2022\/03\/23\/la-teoria-social-frente-al-espejo-de-la-pandemia-global\/\"  title=\"La teor\u00eda social frente al espejo de la pandemia global\">\t\t\t\t\t<img decoding=\"async\" src=\"https:\/\/veredas.xoc.uam.mx\/archivos\/2022\/03\/jumpstory-download20220323-082007-700x500.jpg\" alt=\"La teor\u00eda social frente al espejo de la pandemia global\" itemprop=\"image\" class=\"center\" \/>\n\t\t\t\t<\/a>\t\t<\/div>\n\t\t\t\t\t\t\t\t<div class=\"wp-show-posts-entry-summary\" itemprop=\"text\">\n\t\t\t\t\t\t\t<p>No es frecuente ni es costumbre hacer una rese\u00f1a de un texto que el mismo rese\u00f1ante ha publicado, por esta raz\u00f3n es que este texto es una cr\u00f3nica del evento de presentaci\u00f3n de un libro editado por la UAM Xochimilco.<\/p>\n\t\t\t\t\t\t<\/div><!-- .entry-summary -->\n\t\t\t\t\t<\/div><!-- wp-show-posts-inner --><\/article><div class=\"wpsp-clear\"><\/div><\/section><!-- .wp-show-posts -->\t\t\t\t\t\t\t\t<\/div>\n\t\t\t\t<\/div>\n\t\t\t\t\t<\/div>\n\t\t<\/div>\n\t\t\t\t\t<\/div>\n\t\t<\/section>\n\t\t\t\t<\/div>\n\t\t","protected":false},"excerpt":{"rendered":"<p>Cr\u00f3nicas Acad\u00e9micas<\/p>\n","protected":false},"author":1,"featured_media":0,"parent":0,"menu_order":0,"comment_status":"closed","ping_status":"closed","template":"","meta":{"footnotes":""},"class_list":["post-3059","page","type-page","status-publish","hentry"],"_links":{"self":[{"href":"https:\/\/veredas.xoc.uam.mx\/index.php\/wp-json\/wp\/v2\/pages\/3059","targetHints":{"allow":["GET"]}}],"collection":[{"href":"https:\/\/veredas.xoc.uam.mx\/index.php\/wp-json\/wp\/v2\/pages"}],"about":[{"href":"https:\/\/veredas.xoc.uam.mx\/index.php\/wp-json\/wp\/v2\/types\/page"}],"author":[{"embeddable":true,"href":"https:\/\/veredas.xoc.uam.mx\/index.php\/wp-json\/wp\/v2\/users\/1"}],"replies":[{"embeddable":true,"href":"https:\/\/veredas.xoc.uam.mx\/index.php\/wp-json\/wp\/v2\/comments?post=3059"}],"version-history":[{"count":7,"href":"https:\/\/veredas.xoc.uam.mx\/index.php\/wp-json\/wp\/v2\/pages\/3059\/revisions"}],"predecessor-version":[{"id":3079,"href":"https:\/\/veredas.xoc.uam.mx\/index.php\/wp-json\/wp\/v2\/pages\/3059\/revisions\/3079"}],"wp:attachment":[{"href":"https:\/\/veredas.xoc.uam.mx\/index.php\/wp-json\/wp\/v2\/media?parent=3059"}],"curies":[{"name":"wp","href":"https:\/\/api.w.org\/{rel}","templated":true}]}}